{"id":102,"date":"2023-08-16T18:34:04","date_gmt":"2023-08-16T18:34:04","guid":{"rendered":"https:\/\/d-uitkomst.nl\/de\/?page_id=102"},"modified":"2023-08-22T22:00:05","modified_gmt":"2023-08-22T21:00:05","slug":"vorschriften","status":"publish","type":"page","link":"https:\/\/d-uitkomst.nl\/de\/vorschriften\/","title":{"rendered":"Vorschriften"},"content":{"rendered":"\t\t<div data-elementor-type=\"wp-page\" data-elementor-id=\"102\" class=\"elementor elementor-102\">\n\t\t\t\t\t\t<section class=\"elementor-section elementor-top-section elementor-element elementor-element-ae2dccd elementor-section-boxed elementor-section-height-default elementor-section-height-default\" data-id=\"ae2dccd\" data-element_type=\"section\" data-e-type=\"section\">\n\t\t\t\t\t\t<div class=\"elementor-container elementor-column-gap-default\">\n\t\t\t\t\t<div class=\"elementor-column elementor-col-100 elementor-top-column elementor-element elementor-element-1ed8eddc\" data-id=\"1ed8eddc\" data-element_type=\"column\" data-e-type=\"column\">\n\t\t\t<div class=\"elementor-widget-wrap elementor-element-populated\">\n\t\t\t\t\t\t<div class=\"elementor-element elementor-element-75c90bf elementor-widget elementor-widget-heading\" data-id=\"75c90bf\" data-element_type=\"widget\" data-e-type=\"widget\" data-widget_type=\"heading.default\">\n\t\t\t\t<div class=\"elementor-widget-container\">\n\t\t\t\t\t<h2 class=\"elementor-heading-title elementor-size-default\">Hausordnung und Vorschriften\n<br>Fischteiche De Uitkomst <\/h2>\t\t\t\t<\/div>\n\t\t\t\t<\/div>\n\t\t\t\t<div class=\"elementor-element elementor-element-a51a363 elementor-widget elementor-widget-text-editor\" data-id=\"a51a363\" data-element_type=\"widget\" data-e-type=\"widget\" data-widget_type=\"text-editor.default\">\n\t\t\t\t<div class=\"elementor-widget-container\">\n\t\t\t\t\t\t\t\t\t<p style=\"text-align: center;\">Hausordnung und Vorschriften<br \/>Fischteiche Das Ergebnis<\/p>\t\t\t\t\t\t\t\t<\/div>\n\t\t\t\t<\/div>\n\t\t\t\t\t<\/div>\n\t\t<\/div>\n\t\t\t\t\t<\/div>\n\t\t<\/section>\n\t\t\t\t<section class=\"elementor-section elementor-top-section elementor-element elementor-element-8b0e23a elementor-section-boxed elementor-section-height-default elementor-section-height-default\" data-id=\"8b0e23a\" data-element_type=\"section\" data-e-type=\"section\">\n\t\t\t\t\t\t<div class=\"elementor-container elementor-column-gap-default\">\n\t\t\t\t\t<div class=\"elementor-column elementor-col-100 elementor-top-column elementor-element elementor-element-1695f203\" data-id=\"1695f203\" data-element_type=\"column\" data-e-type=\"column\">\n\t\t\t<div class=\"elementor-widget-wrap elementor-element-populated\">\n\t\t\t\t\t\t<div class=\"elementor-element elementor-element-70db6940 elementor-widget elementor-widget-text-editor\" data-id=\"70db6940\" data-element_type=\"widget\" data-e-type=\"widget\" data-widget_type=\"text-editor.default\">\n\t\t\t\t<div class=\"elementor-widget-container\">\n\t\t\t\t\t\t\t\t\t<p>Das Betreten der Fischgr\u00fcnde erfolgt auf eigene Gefahr. Angler und Zuschauer m\u00fcssen sich zun\u00e4chst drinnen registrieren.<br \/>Radios sowie die Verwendung von Bissanzeigern (Piepsern) und anderen L\u00e4rmbel\u00e4stigungen sind nicht gestattet. Dies im Zusammenhang mit der Ruhe der Teiche.<\/p>\t\t\t\t\t\t\t\t<\/div>\n\t\t\t\t<\/div>\n\t\t\t\t\t<\/div>\n\t\t<\/div>\n\t\t\t\t\t<\/div>\n\t\t<\/section>\n\t\t\t\t<section class=\"elementor-section elementor-top-section elementor-element elementor-element-386ee4b1 elementor-section-boxed elementor-section-height-default elementor-section-height-default\" data-id=\"386ee4b1\" data-element_type=\"section\" data-e-type=\"section\">\n\t\t\t\t\t\t<div class=\"elementor-container elementor-column-gap-default\">\n\t\t\t\t\t<div class=\"elementor-column elementor-col-50 elementor-top-column elementor-element elementor-element-49925327\" data-id=\"49925327\" data-element_type=\"column\" data-e-type=\"column\">\n\t\t\t<div class=\"elementor-widget-wrap elementor-element-populated\">\n\t\t\t\t\t\t<div class=\"elementor-element elementor-element-416b5eb7 elementor-widget elementor-widget-heading\" data-id=\"416b5eb7\" data-element_type=\"widget\" data-e-type=\"widget\" data-widget_type=\"heading.default\">\n\t\t\t\t<div class=\"elementor-widget-container\">\n\t\t\t\t\t<h2 class=\"elementor-heading-title elementor-size-default\">Vorschriften f\u00fcr Forellenteiche<\/h2>\t\t\t\t<\/div>\n\t\t\t\t<\/div>\n\t\t\t\t<div class=\"elementor-element elementor-element-379dee9a elementor-widget-divider--view-line elementor-widget elementor-widget-divider\" data-id=\"379dee9a\" data-element_type=\"widget\" data-e-type=\"widget\" data-widget_type=\"divider.default\">\n\t\t\t\t<div class=\"elementor-widget-container\">\n\t\t\t\t\t\t\t<div class=\"elementor-divider\">\n\t\t\t<span class=\"elementor-divider-separator\">\n\t\t\t\t\t\t<\/span>\n\t\t<\/div>\n\t\t\t\t\t\t<\/div>\n\t\t\t\t<\/div>\n\t\t\t\t<div class=\"elementor-element elementor-element-407b4d7f elementor-widget elementor-widget-text-editor\" data-id=\"407b4d7f\" data-element_type=\"widget\" data-e-type=\"widget\" data-widget_type=\"text-editor.default\">\n\t\t\t\t<div class=\"elementor-widget-container\">\n\t\t\t\t\t\t\t\t\t<p><strong>Es ist nicht erlaubt:<\/strong><\/p><ul><li style=\"text-align: left;\"><p>mit Blinkern, K\u00f6dern oder Dredgen fischen (auch keine losen Blinkerbl\u00e4tter oder L\u00f6ffel). Twister, Gummifische und andere K\u00f6derimitationen d\u00fcrfen NICHT BEWICHTEN (Teichabdeckung)<\/p><\/li><li><p>nicht gefangene Forellen aus dem Wasser sch\u00f6pfen oder an den Haken nehmen.<\/p><\/li><li><p>Angeln mit mehr als einer Rute.<\/p><\/li><li><p>f\u00fcttern.<\/p><\/li><li><p>um die gefangene Forelle freizulassen.<\/p><\/li><li><p>fr\u00fcher als f\u00fcnfzehn Minuten vor der Startzeit zum Teich zu gehen.<\/p><\/li><li><p>um Fisch auf und um das Gel\u00e4nde herum zu handeln.<\/p><\/li><li><p>wild urinieren. In der Kantine gibt es Toiletten.<\/p><\/li><li><p>St\u00fchle von der Terrasse zu den Teichen mitnehmen.<\/p><\/li><li><p>Das Angeln ist streng pers\u00f6nlich. Ein zwischenzeitliches Ausweichen an einen anderen Teich oder die \u00dcbergabe einer Angelrute an einen anderen, nicht zahlenden Angler ist nicht gestattet.<\/p><\/li><\/ul><p>Die kurze Seite des Teiches ist KEIN Angelplatz.<\/p><p>An den Teichen stehen St\u00fchle, auf denen Sie sitzen k\u00f6nnen.<\/p><p>Rund um die Teiche stehen M\u00fclltonnen, wir bitten Sie, das Gel\u00e4nde und den Schlachtplatz sauber zu hinterlassen.<\/p>\t\t\t\t\t\t\t\t<\/div>\n\t\t\t\t<\/div>\n\t\t\t\t\t<\/div>\n\t\t<\/div>\n\t\t\t\t<div class=\"elementor-column elementor-col-50 elementor-top-column elementor-element elementor-element-7256c826\" data-id=\"7256c826\" data-element_type=\"column\" data-e-type=\"column\">\n\t\t\t<div class=\"elementor-widget-wrap elementor-element-populated\">\n\t\t\t\t\t\t<div class=\"elementor-element elementor-element-33bd54f2 elementor-widget elementor-widget-heading\" data-id=\"33bd54f2\" data-element_type=\"widget\" data-e-type=\"widget\" data-widget_type=\"heading.default\">\n\t\t\t\t<div class=\"elementor-widget-container\">\n\t\t\t\t\t<h2 class=\"elementor-heading-title elementor-size-default\">Vorschriften zum Fang- und Freilassungsteich<\/h2>\t\t\t\t<\/div>\n\t\t\t\t<\/div>\n\t\t\t\t<div class=\"elementor-element elementor-element-5f598a33 elementor-widget-divider--view-line elementor-widget elementor-widget-divider\" data-id=\"5f598a33\" data-element_type=\"widget\" data-e-type=\"widget\" data-widget_type=\"divider.default\">\n\t\t\t\t<div class=\"elementor-widget-container\">\n\t\t\t\t\t\t\t<div class=\"elementor-divider\">\n\t\t\t<span class=\"elementor-divider-separator\">\n\t\t\t\t\t\t<\/span>\n\t\t<\/div>\n\t\t\t\t\t\t<\/div>\n\t\t\t\t<\/div>\n\t\t\t\t<div class=\"elementor-element elementor-element-49390202 elementor-widget elementor-widget-text-editor\" data-id=\"49390202\" data-element_type=\"widget\" data-e-type=\"widget\" data-widget_type=\"text-editor.default\">\n\t\t\t\t<div class=\"elementor-widget-container\">\n\t\t\t\t\t\t\t\t\t<p>Sie k\u00f6nnen mit <b>einer Rute angeln<\/b>, die mit einem <b>Haken ohne Widerhaken ausgestattet ist<\/b>! Diese sind in der Kantine erh\u00e4ltlich.<\/p><p>Keine geflochtenen Schn\u00fcre oder Vorf\u00e4cher<br \/><strong>Abhakmatte<\/strong> und <strong>gummierter Kescher erforderlich<\/strong>! Diese k\u00f6nnen zusammen in unserer Kantine f\u00fcr 1 Euro gemietet werden<br \/>Die Verwendung von Setzkeschern ist nicht gestattet.<br \/>Alle gefangenen Fische m\u00fcssen geschaufelt werden.<br \/>F\u00fcr die Landung der Fische empfehlen wir die Verwendung eines gro\u00dfen und geeigneten Keschers.<br \/>Es ist nicht m\u00f6glich, Angelpl\u00e4tze zu reservieren.<br \/>Alle gefangenen Fische m\u00fcssen, nachdem sie m\u00f6glicherweise fotografiert wurden, so schnell wie m\u00f6glich respektvoll freigelassen werden.<br \/>Sie m\u00fcssen direkt vor sich angeln und d\u00fcrfen die Leine des Nachbarn nicht \u00fcber Bord werfen.<br \/>Die Verwendung von K\u00e4se, Fleisch oder Fischprodukten, Katzen- und Hundefutter ist nicht erlaubt, nur Mais, Partikelmischung, Brot, W\u00fcrmer, Maden (keine roten Maden)<br \/>und Pellets sind bis maximal 500 Gramm pro Person und Teil des Tages erlaubt.<\/p><p>Der Einsatz von Futterbooten ist nicht gestattet.<br \/>Aufgrund der Wasserqualit\u00e4t und des Wohlergehens der Fische sind andere K\u00f6der und Fallen sowie gr\u00f6\u00dfere Mengen nicht erlaubt.<br \/>Wir \u00fcbernehmen keine Haftung f\u00fcr besch\u00e4digte Angelruten und andere Ausr\u00fcstungsgegenst\u00e4nde, die im Gras liegen.<\/p><p>Hinterlassen Sie Ihren Angelplatz nach dem Angeln sauber, indem Sie Ihren Abfall in die daf\u00fcr vorgesehenen Abfallbeh\u00e4lter werfen.<br \/>Im Falle eines Versto\u00dfes gegen unsere Vorschriften entschuldigen wir uns nicht und Sie m\u00fcssen unser Gel\u00e4nde unverz\u00fcglich verlassen.<\/p>\t\t\t\t\t\t\t\t<\/div>\n\t\t\t\t<\/div>\n\t\t\t\t\t<\/div>\n\t\t<\/div>\n\t\t\t\t\t<\/div>\n\t\t<\/section>\n\t\t\t\t<section class=\"elementor-section elementor-top-section elementor-element elementor-element-371012ae elementor-section-boxed elementor-section-height-default elementor-section-height-default\" data-id=\"371012ae\" data-element_type=\"section\" data-e-type=\"section\">\n\t\t\t\t\t\t<div class=\"elementor-container elementor-column-gap-default\">\n\t\t\t\t\t<div class=\"elementor-column elementor-col-100 elementor-top-column elementor-element elementor-element-25ac83c5\" data-id=\"25ac83c5\" data-element_type=\"column\" data-e-type=\"column\">\n\t\t\t<div class=\"elementor-widget-wrap elementor-element-populated\">\n\t\t\t\t\t\t<div class=\"elementor-element elementor-element-5febe904 elementor-widget elementor-widget-heading\" data-id=\"5febe904\" data-element_type=\"widget\" data-e-type=\"widget\" data-widget_type=\"heading.default\">\n\t\t\t\t<div class=\"elementor-widget-container\">\n\t\t\t\t\t<h4 class=\"elementor-heading-title elementor-size-default\">Wir w\u00fcnschen Ihnen viel Angelvergn\u00fcgen und danken Ihnen f\u00fcr Ihre Aufmerksamkeit!<\/h4>\t\t\t\t<\/div>\n\t\t\t\t<\/div>\n\t\t\t\t\t<\/div>\n\t\t<\/div>\n\t\t\t\t\t<\/div>\n\t\t<\/section>\n\t\t\t\t<\/div>\n\t\t","protected":false},"excerpt":{"rendered":"<p>Hausordnung und Vorschriften Fischteiche De Uitkomst Hausordnung und VorschriftenFischteiche Das Ergebnis Das Betreten der Fischgr\u00fcnde erfolgt auf eigene Gefahr. Angler und Zuschauer m\u00fcssen sich zun\u00e4chst drinnen registrieren.Radios sowie die Verwendung von Bissanzeigern (Piepsern) und anderen L\u00e4rmbel\u00e4stigungen sind nicht gestattet. Dies im Zusammenhang mit der Ruhe der Teiche. Vorschriften f\u00fcr Forellenteiche Es ist nicht erlaubt: mit [&hellip;]<\/p>\n","protected":false},"author":1,"featured_media":0,"parent":0,"menu_order":0,"comment_status":"closed","ping_status":"closed","template":"","meta":{"footnotes":""},"class_list":["post-102","page","type-page","status-publish","hentry"],"_links":{"self":[{"href":"https:\/\/d-uitkomst.nl\/de\/wp-json\/wp\/v2\/pages\/102","targetHints":{"allow":["GET"]}}],"collection":[{"href":"https:\/\/d-uitkomst.nl\/de\/wp-json\/wp\/v2\/pages"}],"about":[{"href":"https:\/\/d-uitkomst.nl\/de\/wp-json\/wp\/v2\/types\/page"}],"author":[{"embeddable":true,"href":"https:\/\/d-uitkomst.nl\/de\/wp-json\/wp\/v2\/users\/1"}],"replies":[{"embeddable":true,"href":"https:\/\/d-uitkomst.nl\/de\/wp-json\/wp\/v2\/comments?post=102"}],"version-history":[{"count":11,"href":"https:\/\/d-uitkomst.nl\/de\/wp-json\/wp\/v2\/pages\/102\/revisions"}],"predecessor-version":[{"id":410,"href":"https:\/\/d-uitkomst.nl\/de\/wp-json\/wp\/v2\/pages\/102\/revisions\/410"}],"wp:attachment":[{"href":"https:\/\/d-uitkomst.nl\/de\/wp-json\/wp\/v2\/media?parent=102"}],"curies":[{"name":"wp","href":"https:\/\/api.w.org\/{rel}","templated":true}]}}