{"id":100,"date":"2023-08-16T18:33:08","date_gmt":"2023-08-16T18:33:08","guid":{"rendered":"https:\/\/d-uitkomst.nl\/de\/?page_id=100"},"modified":"2026-04-08T21:01:48","modified_gmt":"2026-04-08T20:01:48","slug":"preise","status":"publish","type":"page","link":"https:\/\/d-uitkomst.nl\/de\/preise\/","title":{"rendered":"Preise"},"content":{"rendered":"\t\t<div data-elementor-type=\"wp-page\" data-elementor-id=\"100\" class=\"elementor elementor-100\">\n\t\t\t\t\t\t<section class=\"elementor-section elementor-top-section elementor-element elementor-element-f63542e elementor-section-boxed elementor-section-height-default elementor-section-height-default\" data-id=\"f63542e\" data-element_type=\"section\" data-e-type=\"section\" data-settings=\"{&quot;background_background&quot;:&quot;gradient&quot;}\">\n\t\t\t\t\t\t<div class=\"elementor-container elementor-column-gap-default\">\n\t\t\t\t\t<div class=\"elementor-column elementor-col-50 elementor-top-column elementor-element elementor-element-118d72cb\" data-id=\"118d72cb\" data-element_type=\"column\" data-e-type=\"column\">\n\t\t\t<div class=\"elementor-widget-wrap elementor-element-populated\">\n\t\t\t\t\t\t<div class=\"elementor-element elementor-element-5956eab3 elementor-hidden-mobile elementor-widget elementor-widget-image\" data-id=\"5956eab3\" data-element_type=\"widget\" data-e-type=\"widget\" data-widget_type=\"image.default\">\n\t\t\t\t<div class=\"elementor-widget-container\">\n\t\t\t\t\t\t\t\t\t\t\t\t<figure class=\"wp-caption\">\n\t\t\t\t\t\t\t\t\t\t<img fetchpriority=\"high\" decoding=\"async\" width=\"1024\" height=\"768\" src=\"https:\/\/d-uitkomst.nl\/de\/wp-content\/uploads\/sites\/2\/2023\/08\/14258294_840142282752314_5583305022598902734_o-1-1024x768.jpg\" class=\"attachment-large size-large wp-image-145\" alt=\"\" srcset=\"https:\/\/d-uitkomst.nl\/de\/wp-content\/uploads\/sites\/2\/2023\/08\/14258294_840142282752314_5583305022598902734_o-1-1024x768.jpg 1024w, https:\/\/d-uitkomst.nl\/de\/wp-content\/uploads\/sites\/2\/2023\/08\/14258294_840142282752314_5583305022598902734_o-1-300x225.jpg 300w, https:\/\/d-uitkomst.nl\/de\/wp-content\/uploads\/sites\/2\/2023\/08\/14258294_840142282752314_5583305022598902734_o-1-768x576.jpg 768w, https:\/\/d-uitkomst.nl\/de\/wp-content\/uploads\/sites\/2\/2023\/08\/14258294_840142282752314_5583305022598902734_o-1-1536x1152.jpg 1536w, https:\/\/d-uitkomst.nl\/de\/wp-content\/uploads\/sites\/2\/2023\/08\/14258294_840142282752314_5583305022598902734_o-1.jpg 2048w\" sizes=\"(max-width: 1024px) 100vw, 1024px\" \/>\t\t\t\t\t\t\t\t\t\t\t<figcaption class=\"widget-image-caption wp-caption-text\"><\/figcaption>\n\t\t\t\t\t\t\t\t\t\t<\/figure>\n\t\t\t\t\t\t\t\t\t<\/div>\n\t\t\t\t<\/div>\n\t\t\t\t\t<\/div>\n\t\t<\/div>\n\t\t\t\t<div class=\"elementor-column elementor-col-50 elementor-top-column elementor-element elementor-element-6a3af04a\" data-id=\"6a3af04a\" data-element_type=\"column\" data-e-type=\"column\">\n\t\t\t<div class=\"elementor-widget-wrap elementor-element-populated\">\n\t\t\t\t\t\t<div class=\"elementor-element elementor-element-123d971d elementor-widget elementor-widget-spacer\" data-id=\"123d971d\" data-element_type=\"widget\" data-e-type=\"widget\" data-widget_type=\"spacer.default\">\n\t\t\t\t<div class=\"elementor-widget-container\">\n\t\t\t\t\t\t\t<div class=\"elementor-spacer\">\n\t\t\t<div class=\"elementor-spacer-inner\"><\/div>\n\t\t<\/div>\n\t\t\t\t\t\t<\/div>\n\t\t\t\t<\/div>\n\t\t\t\t<div class=\"elementor-element elementor-element-22a28fd0 elementor-widget elementor-widget-heading\" data-id=\"22a28fd0\" data-element_type=\"widget\" data-e-type=\"widget\" data-widget_type=\"heading.default\">\n\t\t\t\t<div class=\"elementor-widget-container\">\n\t\t\t\t\t<h3 class=\"elementor-heading-title elementor-size-default\">Forellenangeln \u20ac18,50  pro Person <\/h3>\t\t\t\t<\/div>\n\t\t\t\t<\/div>\n\t\t\t\t<div class=\"elementor-element elementor-element-418dfd0c elementor-widget elementor-widget-spacer\" data-id=\"418dfd0c\" data-element_type=\"widget\" data-e-type=\"widget\" data-widget_type=\"spacer.default\">\n\t\t\t\t<div class=\"elementor-widget-container\">\n\t\t\t\t\t\t\t<div class=\"elementor-spacer\">\n\t\t\t<div class=\"elementor-spacer-inner\"><\/div>\n\t\t<\/div>\n\t\t\t\t\t\t<\/div>\n\t\t\t\t<\/div>\n\t\t\t\t<div class=\"elementor-element elementor-element-4de7684 elementor-widget__width-initial elementor-widget elementor-widget-text-editor\" data-id=\"4de7684\" data-element_type=\"widget\" data-e-type=\"widget\" data-widget_type=\"text-editor.default\">\n\t\t\t\t<div class=\"elementor-widget-container\">\n\t\t\t\t\t\t\t\t\t<p><span class=\"HwtZe\" lang=\"de\"><span class=\"jCAhz ChMk0b\"><span class=\"ryNqvb\">F\u00fcr Sie werden Forellen von 1,3 bis 1,5 Kilo (\u00b1 4 St\u00fcck Fisch) freigelassen.<\/span><\/span> <\/span><\/p><p><span class=\"HwtZe\" lang=\"de\"><span class=\"jCAhz ChMk0b\"><span class=\"ryNqvb\">Kinder bis einschlie\u00dflich 11 Jahre Angelset 2 Forellen \u20ac9,-<\/span><\/span> <\/span><\/p><p><strong><span class=\"HwtZe\" lang=\"de\"><span class=\"jCAhz ChMk0b\"><span class=\"ryNqvb\">Mieten Sie einen Teich<\/span><\/span><\/span><\/strong><\/p><p><span class=\"HwtZe\" lang=\"de\"><span class=\"jCAhz ChMk0b\"><span class=\"ryNqvb\">\u20ac<\/span><\/span> <span class=\"jCAhz ChMk0b\"><span class=\"ryNqvb\">270,- mit 20 bis 22 kg Forelle \u00b1 60 st.<\/span><\/span><\/span><\/p><p><span class=\"HwtZe\" lang=\"de\"> <span class=\"jCAhz ChMk0b\"><span class=\"ryNqvb\">Stock extra Forelle \u20ac 4,25 <\/span><\/span><span class=\"jCAhz ChMk0b\"><span class=\"ryNqvb\">pro St\u00fcck.<\/span><\/span> <span class=\"jCAhz ChMk0b\"><span class=\"ryNqvb\"><br \/><\/span><\/span><\/span><\/p><p><span class=\"HwtZe\" lang=\"de\"><span class=\"jCAhz ChMk0b\"><span class=\"ryNqvb\">10 st \u20ac 40,-\u00a0<\/span><\/span><\/span><\/p><p><span class=\"HwtZe\" lang=\"de\"><span class=\"jCAhz ChMk0b\"><span class=\"ryNqvb\">F\u00fcr 1 bis 20 Personen (andere Sets sind verhandelbar)<\/span><\/span><\/span><\/p>\t\t\t\t\t\t\t\t<\/div>\n\t\t\t\t<\/div>\n\t\t\t\t\t<\/div>\n\t\t<\/div>\n\t\t\t\t\t<\/div>\n\t\t<\/section>\n\t\t\t\t<section class=\"elementor-section elementor-top-section elementor-element elementor-element-65441a73 elementor-section-boxed elementor-section-height-default elementor-section-height-default\" data-id=\"65441a73\" data-element_type=\"section\" data-e-type=\"section\" data-settings=\"{&quot;background_background&quot;:&quot;gradient&quot;}\">\n\t\t\t\t\t\t<div class=\"elementor-container elementor-column-gap-default\">\n\t\t\t\t\t<div class=\"elementor-column elementor-col-50 elementor-top-column elementor-element elementor-element-3101efb8\" data-id=\"3101efb8\" data-element_type=\"column\" data-e-type=\"column\">\n\t\t\t<div class=\"elementor-widget-wrap elementor-element-populated\">\n\t\t\t\t\t\t<div class=\"elementor-element elementor-element-77e1e6f9 elementor-widget elementor-widget-spacer\" data-id=\"77e1e6f9\" data-element_type=\"widget\" data-e-type=\"widget\" data-widget_type=\"spacer.default\">\n\t\t\t\t<div class=\"elementor-widget-container\">\n\t\t\t\t\t\t\t<div class=\"elementor-spacer\">\n\t\t\t<div class=\"elementor-spacer-inner\"><\/div>\n\t\t<\/div>\n\t\t\t\t\t\t<\/div>\n\t\t\t\t<\/div>\n\t\t\t\t<div class=\"elementor-element elementor-element-3bc546dd elementor-widget elementor-widget-heading\" data-id=\"3bc546dd\" data-element_type=\"widget\" data-e-type=\"widget\" data-widget_type=\"heading.default\">\n\t\t\t\t<div class=\"elementor-widget-container\">\n\t\t\t\t\t<h3 class=\"elementor-heading-title elementor-size-default\">Lachsforellenangeln \u20ac24,- pro Person<\/h3>\t\t\t\t<\/div>\n\t\t\t\t<\/div>\n\t\t\t\t<div class=\"elementor-element elementor-element-48c604bc elementor-widget__width-initial elementor-widget elementor-widget-text-editor\" data-id=\"48c604bc\" data-element_type=\"widget\" data-e-type=\"widget\" data-widget_type=\"text-editor.default\">\n\t\t\t\t<div class=\"elementor-widget-container\">\n\t\t\t\t\t\t\t\t\t<p>F\u00fcr Sie werden Lachsforellen von 1,8 bis 2,4 kg (\u00b1 2 St\u00fcck Fisch) ausgesetzt.<\/p><p><span style=\"text-decoration: underline;\">F\u00fcr das Angeln am Mischteich ist der Kindertarif ausgeschlossen. Es wird ein Erwachsenenpreis berechnet.<\/span><\/p><p><strong>Teichmiete<\/strong><\/p><p>\u20ac 240,-. Auff\u00fcllen von 20 kg Lachsforellen, Auff\u00fcllen zus\u00e4tzlicher Lachsforellen f\u00fcr je \u20ac12,-<\/p><p>1 bis 15 Personen (andere Sets sind verhandelbar)<\/p>\t\t\t\t\t\t\t\t<\/div>\n\t\t\t\t<\/div>\n\t\t\t\t\t<\/div>\n\t\t<\/div>\n\t\t\t\t<div class=\"elementor-column elementor-col-50 elementor-top-column elementor-element elementor-element-299ab63b\" data-id=\"299ab63b\" data-element_type=\"column\" data-e-type=\"column\">\n\t\t\t<div class=\"elementor-widget-wrap elementor-element-populated\">\n\t\t\t\t\t\t<div class=\"elementor-element elementor-element-63aedc74 elementor-widget elementor-widget-spacer\" data-id=\"63aedc74\" data-element_type=\"widget\" data-e-type=\"widget\" data-widget_type=\"spacer.default\">\n\t\t\t\t<div class=\"elementor-widget-container\">\n\t\t\t\t\t\t\t<div class=\"elementor-spacer\">\n\t\t\t<div class=\"elementor-spacer-inner\"><\/div>\n\t\t<\/div>\n\t\t\t\t\t\t<\/div>\n\t\t\t\t<\/div>\n\t\t\t\t<div class=\"elementor-element elementor-element-5b3ad799 elementor-hidden-mobile elementor-widget elementor-widget-image\" data-id=\"5b3ad799\" data-element_type=\"widget\" data-e-type=\"widget\" data-widget_type=\"image.default\">\n\t\t\t\t<div class=\"elementor-widget-container\">\n\t\t\t\t\t\t\t\t\t\t\t\t<figure class=\"wp-caption\">\n\t\t\t\t\t\t\t\t\t\t<img decoding=\"async\" width=\"1024\" height=\"768\" src=\"https:\/\/d-uitkomst.nl\/de\/wp-content\/uploads\/sites\/2\/2023\/08\/f852f23a9552638de9ccbc7e26ef6541.jpg\" class=\"attachment-large size-large wp-image-146\" alt=\"\" srcset=\"https:\/\/d-uitkomst.nl\/de\/wp-content\/uploads\/sites\/2\/2023\/08\/f852f23a9552638de9ccbc7e26ef6541.jpg 1024w, https:\/\/d-uitkomst.nl\/de\/wp-content\/uploads\/sites\/2\/2023\/08\/f852f23a9552638de9ccbc7e26ef6541-300x225.jpg 300w, https:\/\/d-uitkomst.nl\/de\/wp-content\/uploads\/sites\/2\/2023\/08\/f852f23a9552638de9ccbc7e26ef6541-768x576.jpg 768w\" sizes=\"(max-width: 1024px) 100vw, 1024px\" \/>\t\t\t\t\t\t\t\t\t\t\t<figcaption class=\"widget-image-caption wp-caption-text\"><\/figcaption>\n\t\t\t\t\t\t\t\t\t\t<\/figure>\n\t\t\t\t\t\t\t\t\t<\/div>\n\t\t\t\t<\/div>\n\t\t\t\t\t<\/div>\n\t\t<\/div>\n\t\t\t\t\t<\/div>\n\t\t<\/section>\n\t\t\t\t<section class=\"elementor-section elementor-top-section elementor-element elementor-element-5235da4f elementor-section-boxed elementor-section-height-default elementor-section-height-default\" data-id=\"5235da4f\" data-element_type=\"section\" data-e-type=\"section\" data-settings=\"{&quot;background_background&quot;:&quot;gradient&quot;}\">\n\t\t\t\t\t\t<div class=\"elementor-container elementor-column-gap-default\">\n\t\t\t\t\t<div class=\"elementor-column elementor-col-50 elementor-top-column elementor-element elementor-element-d29256\" data-id=\"d29256\" data-element_type=\"column\" data-e-type=\"column\">\n\t\t\t<div class=\"elementor-widget-wrap elementor-element-populated\">\n\t\t\t\t\t\t<div class=\"elementor-element elementor-element-6c713df5 elementor-hidden-mobile elementor-widget elementor-widget-image\" data-id=\"6c713df5\" data-element_type=\"widget\" data-e-type=\"widget\" data-widget_type=\"image.default\">\n\t\t\t\t<div class=\"elementor-widget-container\">\n\t\t\t\t\t\t\t\t\t\t\t\t<figure class=\"wp-caption\">\n\t\t\t\t\t\t\t\t\t\t<img decoding=\"async\" width=\"1024\" height=\"768\" src=\"https:\/\/d-uitkomst.nl\/de\/wp-content\/uploads\/sites\/2\/2023\/08\/451a586aad8552258880711a89240e66-1024x768.jpg\" class=\"attachment-large size-large wp-image-147\" alt=\"\" srcset=\"https:\/\/d-uitkomst.nl\/de\/wp-content\/uploads\/sites\/2\/2023\/08\/451a586aad8552258880711a89240e66-1024x768.jpg 1024w, https:\/\/d-uitkomst.nl\/de\/wp-content\/uploads\/sites\/2\/2023\/08\/451a586aad8552258880711a89240e66-300x225.jpg 300w, https:\/\/d-uitkomst.nl\/de\/wp-content\/uploads\/sites\/2\/2023\/08\/451a586aad8552258880711a89240e66-768x576.jpg 768w, https:\/\/d-uitkomst.nl\/de\/wp-content\/uploads\/sites\/2\/2023\/08\/451a586aad8552258880711a89240e66-1536x1152.jpg 1536w, https:\/\/d-uitkomst.nl\/de\/wp-content\/uploads\/sites\/2\/2023\/08\/451a586aad8552258880711a89240e66.jpg 2048w\" sizes=\"(max-width: 1024px) 100vw, 1024px\" \/>\t\t\t\t\t\t\t\t\t\t\t<figcaption class=\"widget-image-caption wp-caption-text\"><\/figcaption>\n\t\t\t\t\t\t\t\t\t\t<\/figure>\n\t\t\t\t\t\t\t\t\t<\/div>\n\t\t\t\t<\/div>\n\t\t\t\t\t<\/div>\n\t\t<\/div>\n\t\t\t\t<div class=\"elementor-column elementor-col-50 elementor-top-column elementor-element elementor-element-351b7b51\" data-id=\"351b7b51\" data-element_type=\"column\" data-e-type=\"column\">\n\t\t\t<div class=\"elementor-widget-wrap elementor-element-populated\">\n\t\t\t\t\t\t<div class=\"elementor-element elementor-element-50a98fe2 elementor-widget elementor-widget-spacer\" data-id=\"50a98fe2\" data-element_type=\"widget\" data-e-type=\"widget\" data-widget_type=\"spacer.default\">\n\t\t\t\t<div class=\"elementor-widget-container\">\n\t\t\t\t\t\t\t<div class=\"elementor-spacer\">\n\t\t\t<div class=\"elementor-spacer-inner\"><\/div>\n\t\t<\/div>\n\t\t\t\t\t\t<\/div>\n\t\t\t\t<\/div>\n\t\t\t\t<div class=\"elementor-element elementor-element-6364618e elementor-widget elementor-widget-heading\" data-id=\"6364618e\" data-element_type=\"widget\" data-e-type=\"widget\" data-widget_type=\"heading.default\">\n\t\t\t\t<div class=\"elementor-widget-container\">\n\t\t\t\t\t<h3 class=\"elementor-heading-title elementor-size-default\">mixTeich \u20ac 21,- pro person<\/h3>\t\t\t\t<\/div>\n\t\t\t\t<\/div>\n\t\t\t\t<div class=\"elementor-element elementor-element-5da9be48 elementor-widget elementor-widget-spacer\" data-id=\"5da9be48\" data-element_type=\"widget\" data-e-type=\"widget\" data-widget_type=\"spacer.default\">\n\t\t\t\t<div class=\"elementor-widget-container\">\n\t\t\t\t\t\t\t<div class=\"elementor-spacer\">\n\t\t\t<div class=\"elementor-spacer-inner\"><\/div>\n\t\t<\/div>\n\t\t\t\t\t\t<\/div>\n\t\t\t\t<\/div>\n\t\t\t\t<div class=\"elementor-element elementor-element-a976f1a elementor-widget__width-initial elementor-widget elementor-widget-text-editor\" data-id=\"a976f1a\" data-element_type=\"widget\" data-e-type=\"widget\" data-widget_type=\"text-editor.default\">\n\t\t\t\t<div class=\"elementor-widget-container\">\n\t\t\t\t\t\t\t\t\t<p>Sie werden auf 1 Lachsforelle und 2 Forellen geangelt<\/p><p><span style=\"text-decoration: underline;\">F\u00fcr das Angeln am Mischteich ist der Kindertarif ausgeschlossen. Es wird ein Erwachsenenpreis berechnet.<\/span><\/p><p><strong>Mieten Sie einen Mischteich<\/strong> f\u00fcr 1 bis 15 Personen<\/p><p><strong>Option 1.<\/strong> ab \u20ac 185,- mit 14 kg Forelle (+-40 Forelle)<\/p><p><strong>Option 2.<\/strong> \u20ac 210,-\u00a0 mit 7 kg Forelle (\u00b1 20 St\u00fcck) und 10 kg Lachsforelle (\u00b110 St\u00fcck)<\/p><p><strong>Option-3.<\/strong> \u20ac 240,- bei 20 kg Lachsforelle \u00b1 20 Stk.<\/p>\t\t\t\t\t\t\t\t<\/div>\n\t\t\t\t<\/div>\n\t\t\t\t\t<\/div>\n\t\t<\/div>\n\t\t\t\t\t<\/div>\n\t\t<\/section>\n\t\t\t\t<section class=\"elementor-section elementor-top-section elementor-element elementor-element-41862c6c elementor-section-boxed elementor-section-height-default elementor-section-height-default\" data-id=\"41862c6c\" data-element_type=\"section\" data-e-type=\"section\" data-settings=\"{&quot;background_background&quot;:&quot;gradient&quot;}\">\n\t\t\t\t\t\t<div class=\"elementor-container elementor-column-gap-default\">\n\t\t\t\t\t<div class=\"elementor-column elementor-col-50 elementor-top-column elementor-element elementor-element-5e84a9da\" data-id=\"5e84a9da\" data-element_type=\"column\" data-e-type=\"column\">\n\t\t\t<div class=\"elementor-widget-wrap elementor-element-populated\">\n\t\t\t\t\t\t<div class=\"elementor-element elementor-element-5a838bfb elementor-widget elementor-widget-heading\" data-id=\"5a838bfb\" data-element_type=\"widget\" data-e-type=\"widget\" data-widget_type=\"heading.default\">\n\t\t\t\t<div class=\"elementor-widget-container\">\n\t\t\t\t\t<h3 class=\"elementor-heading-title elementor-size-default\">Fang- und Freisetzungsteich \u20ac 8,- pro Person<\/h3>\t\t\t\t<\/div>\n\t\t\t\t<\/div>\n\t\t\t\t<div class=\"elementor-element elementor-element-554ab0f8 elementor-widget__width-initial elementor-widget elementor-widget-text-editor\" data-id=\"554ab0f8\" data-element_type=\"widget\" data-e-type=\"widget\" data-widget_type=\"text-editor.default\">\n\t\t\t\t<div class=\"elementor-widget-container\">\n\t\t\t\t\t\t\t\t\t<p>Am Fang- und Freilassungsteich k\u00f6nnen Sie Karpfen, st\u00f6re und Wels angeln, es werden keine Fische ausgesetzt oder mitt genomen.<\/p><p><span style=\"text-decoration: underline;\">Angeln ohne Widerhaken, Kescher und Landeinlage obligatorisch.<\/span><\/p><p><strong>Diese werden auch f\u00fcr \u20ac 2,- gemietet.<\/strong><\/p><p>Das Angeln von zwei Zeitbl\u00f6cken zusammen kostet 8 Stunden Angeln f\u00fcr \u20ac 14,-<\/p><p>1 Angelblock, erwachsener Angler + 1 Kind (bis 14 Jahre) fischen gemeinsam<\/p><p>\u20ac 14,-<\/p><p><strong>Mieten Sie einen Catch &amp; Release-Teich<\/strong>, dies ist auch in Absprache m\u00f6glich. Ein Teil des Teichs kann mit einer Gruppe reserviert werden.<\/p>\t\t\t\t\t\t\t\t<\/div>\n\t\t\t\t<\/div>\n\t\t\t\t\t<\/div>\n\t\t<\/div>\n\t\t\t\t<div class=\"elementor-column elementor-col-50 elementor-top-column elementor-element elementor-element-129a8d70\" data-id=\"129a8d70\" data-element_type=\"column\" data-e-type=\"column\">\n\t\t\t<div class=\"elementor-widget-wrap elementor-element-populated\">\n\t\t\t\t\t\t<div class=\"elementor-element elementor-element-1cc20fe5 elementor-widget elementor-widget-spacer\" data-id=\"1cc20fe5\" data-element_type=\"widget\" data-e-type=\"widget\" data-widget_type=\"spacer.default\">\n\t\t\t\t<div class=\"elementor-widget-container\">\n\t\t\t\t\t\t\t<div class=\"elementor-spacer\">\n\t\t\t<div class=\"elementor-spacer-inner\"><\/div>\n\t\t<\/div>\n\t\t\t\t\t\t<\/div>\n\t\t\t\t<\/div>\n\t\t\t\t<div class=\"elementor-element elementor-element-28f3cd11 elementor-widget elementor-widget-image\" data-id=\"28f3cd11\" data-element_type=\"widget\" data-e-type=\"widget\" data-widget_type=\"image.default\">\n\t\t\t\t<div class=\"elementor-widget-container\">\n\t\t\t\t\t\t\t\t\t\t\t\t<figure class=\"wp-caption\">\n\t\t\t\t\t\t\t\t\t\t<img loading=\"lazy\" decoding=\"async\" width=\"1024\" height=\"708\" src=\"https:\/\/d-uitkomst.nl\/de\/wp-content\/uploads\/sites\/2\/2023\/08\/76588-1-e1692198921668-1024x708.jpg\" class=\"attachment-large size-large wp-image-148\" alt=\"\" srcset=\"https:\/\/d-uitkomst.nl\/de\/wp-content\/uploads\/sites\/2\/2023\/08\/76588-1-e1692198921668-1024x708.jpg 1024w, https:\/\/d-uitkomst.nl\/de\/wp-content\/uploads\/sites\/2\/2023\/08\/76588-1-e1692198921668-300x207.jpg 300w, https:\/\/d-uitkomst.nl\/de\/wp-content\/uploads\/sites\/2\/2023\/08\/76588-1-e1692198921668-768x531.jpg 768w, https:\/\/d-uitkomst.nl\/de\/wp-content\/uploads\/sites\/2\/2023\/08\/76588-1-e1692198921668.jpg 1293w\" sizes=\"(max-width: 1024px) 100vw, 1024px\" \/>\t\t\t\t\t\t\t\t\t\t\t<figcaption class=\"widget-image-caption wp-caption-text\"><\/figcaption>\n\t\t\t\t\t\t\t\t\t\t<\/figure>\n\t\t\t\t\t\t\t\t\t<\/div>\n\t\t\t\t<\/div>\n\t\t\t\t<div class=\"elementor-element elementor-element-6b928f06 elementor-widget elementor-widget-spacer\" data-id=\"6b928f06\" data-element_type=\"widget\" data-e-type=\"widget\" data-widget_type=\"spacer.default\">\n\t\t\t\t<div class=\"elementor-widget-container\">\n\t\t\t\t\t\t\t<div class=\"elementor-spacer\">\n\t\t\t<div class=\"elementor-spacer-inner\"><\/div>\n\t\t<\/div>\n\t\t\t\t\t\t<\/div>\n\t\t\t\t<\/div>\n\t\t\t\t\t<\/div>\n\t\t<\/div>\n\t\t\t\t\t<\/div>\n\t\t<\/section>\n\t\t\t\t<section class=\"elementor-section elementor-top-section elementor-element elementor-element-35fc4808 elementor-section-boxed elementor-section-height-default elementor-section-height-default\" data-id=\"35fc4808\" data-element_type=\"section\" data-e-type=\"section\">\n\t\t\t\t\t\t<div class=\"elementor-container elementor-column-gap-default\">\n\t\t\t\t\t<div class=\"elementor-column elementor-col-50 elementor-top-column elementor-element elementor-element-2e71e8d6\" data-id=\"2e71e8d6\" data-element_type=\"column\" data-e-type=\"column\">\n\t\t\t<div class=\"elementor-widget-wrap\">\n\t\t\t\t\t\t\t<\/div>\n\t\t<\/div>\n\t\t\t\t<div class=\"elementor-column elementor-col-50 elementor-top-column elementor-element elementor-element-384c8157\" data-id=\"384c8157\" data-element_type=\"column\" data-e-type=\"column\">\n\t\t\t<div class=\"elementor-widget-wrap\">\n\t\t\t\t\t\t\t<\/div>\n\t\t<\/div>\n\t\t\t\t\t<\/div>\n\t\t<\/section>\n\t\t\t\t<\/div>\n\t\t","protected":false},"excerpt":{"rendered":"<p>Forellenangeln \u20ac18,50 pro Person F\u00fcr Sie werden Forellen von 1,3 bis 1,5 Kilo (\u00b1 4 St\u00fcck Fisch) freigelassen. Kinder bis einschlie\u00dflich 11 Jahre Angelset 2 Forellen \u20ac9,- Mieten Sie einen Teich \u20ac 270,- mit 20 bis 22 kg Forelle \u00b1 60 st. Stock extra Forelle \u20ac 4,25 pro St\u00fcck. 10 st \u20ac 40,-\u00a0 F\u00fcr 1 [&hellip;]<\/p>\n","protected":false},"author":1,"featured_media":0,"parent":0,"menu_order":0,"comment_status":"closed","ping_status":"closed","template":"","meta":{"footnotes":""},"class_list":["post-100","page","type-page","status-publish","hentry"],"_links":{"self":[{"href":"https:\/\/d-uitkomst.nl\/de\/wp-json\/wp\/v2\/pages\/100","targetHints":{"allow":["GET"]}}],"collection":[{"href":"https:\/\/d-uitkomst.nl\/de\/wp-json\/wp\/v2\/pages"}],"about":[{"href":"https:\/\/d-uitkomst.nl\/de\/wp-json\/wp\/v2\/types\/page"}],"author":[{"embeddable":true,"href":"https:\/\/d-uitkomst.nl\/de\/wp-json\/wp\/v2\/users\/1"}],"replies":[{"embeddable":true,"href":"https:\/\/d-uitkomst.nl\/de\/wp-json\/wp\/v2\/comments?post=100"}],"version-history":[{"count":20,"href":"https:\/\/d-uitkomst.nl\/de\/wp-json\/wp\/v2\/pages\/100\/revisions"}],"predecessor-version":[{"id":690,"href":"https:\/\/d-uitkomst.nl\/de\/wp-json\/wp\/v2\/pages\/100\/revisions\/690"}],"wp:attachment":[{"href":"https:\/\/d-uitkomst.nl\/de\/wp-json\/wp\/v2\/media?parent=100"}],"curies":[{"name":"wp","href":"https:\/\/api.w.org\/{rel}","templated":true}]}}